{"id":187,"date":"2019-12-11T13:34:22","date_gmt":"2019-12-11T12:34:22","guid":{"rendered":"https:\/\/iks.zrc-sazu.si\/?page_id=187"},"modified":"2025-12-23T12:05:56","modified_gmt":"2025-12-23T11:05:56","slug":"organizing-committee","status":"publish","type":"page","link":"https:\/\/iks.zrc-sazu.si\/en\/organizing-committee\/","title":{"rendered":"Organizer"},"content":{"rendered":"\n<p class=\"has-medium-font-size\"><strong>Karst Research Institute&nbsp;ZRC&nbsp;SAZU<\/strong><br>Titov trg 2<br>SI-6230 Postojna<br>Slovenia<br><strong>T:<\/strong>&nbsp;+386 5 700 1900<br><strong>F:<\/strong>&nbsp;+386 5 700 1999<br><strong>E:<\/strong>&nbsp;<a href=\"mailto:iks@zrc-sazu.si\">iks@zrc-sazu.si<\/a> <\/p>\n\n\n\n<figure class=\"wp-block-gallery has-nested-images columns-default is-cropped wp-block-gallery-1 is-layout-flex wp-block-gallery-is-layout-flex\">\n<figure class=\"wp-block-image size-large\"><img loading=\"lazy\" decoding=\"async\" width=\"1024\" height=\"681\" data-id=\"258\" src=\"https:\/\/iks.zrc-sazu.si\/wp-content\/uploads\/2019\/12\/KRI_building-1-1024x681.jpg\" alt=\"\" class=\"wp-image-258\" srcset=\"https:\/\/iks.zrc-sazu.si\/wp-content\/uploads\/2019\/12\/KRI_building-1-1024x681.jpg 1024w, https:\/\/iks.zrc-sazu.si\/wp-content\/uploads\/2019\/12\/KRI_building-1-300x199.jpg 300w, https:\/\/iks.zrc-sazu.si\/wp-content\/uploads\/2019\/12\/KRI_building-1-768x511.jpg 768w, https:\/\/iks.zrc-sazu.si\/wp-content\/uploads\/2019\/12\/KRI_building-1-1536x1021.jpg 1536w, https:\/\/iks.zrc-sazu.si\/wp-content\/uploads\/2019\/12\/KRI_building-1-2048x1362.jpg 2048w\" sizes=\"auto, (max-width: 1024px) 100vw, 1024px\" \/><\/figure>\n<\/figure>\n\n\n\n<p><\/p>\n\n\n\n<h3 class=\"wp-block-heading\">Contact persons:<\/h3>\n\n\n\n<p class=\"has-medium-font-size\"><b>Franci Gabrov\u0161ek (<\/b><a href=\"mailto:cyril.mayaud@zrc-sazu.si\">franci.gabrovsek@zrc-sazu.si<\/a><b>)<\/b>, <b>Vanessa E. Johnston (<\/b><a href=\"mailto:cyril.mayaud@zrc-sazu.si\">vanessa.johnston@zrc-sazu.si<\/a><b>)<\/b>, <b>Mitja Prelov\u0161ek (<\/b><a href=\"mailto:cyril.mayaud@zrc-sazu.si\">mitja.prelovsek@zrc-sazu.si<\/a><b>)<\/b><\/p>\n\n\n\n<h3 class=\"wp-block-heading\">Organizing committee:<\/h3>\n\n\n\n<p class=\"has-medium-font-size\">Matej Blatnik, Jasmina \u010celigoj Bi\u0161\u010dak, Vanessa E. Johnston, Franci Gabrov\u0161ek, Matej Jelov\u010dan, \u017dan Kafol, Bla\u017e Kogov\u0161ek, Darja Kolar, Peter Kozel, Martin Knez, Cyril Mayaud, Tinkara Mazej, Janez Mulec, Magdalena N\u0103p\u0103ru\u015f Aljan\u010di\u010d, Uro\u0161 Novak, Bojan Otoni\u010dar, Metka Petri\u010d, Tanja Pipan, Mitja Prelov\u0161ek,\u00a0Nata\u0161a Ravbar,\u00a0Sara Skok, Tadej Slabe, Sonja Stamenkovi\u0107, Filip \u0160arc, Stanka \u0160ebela, Astrid \u0160vara, Slavuljka \u0160u\u0161ak, Nadja Zupan Hajna.<\/p>\n","protected":false},"excerpt":{"rendered":"<p>Karst Research Institute&nbsp;ZRC&nbsp;SAZUTitov trg 2SI-6230 PostojnaSloveniaT:&nbsp;+386 5 700 1900F:&nbsp;+386 5 700 1999E:&nbsp;iks@zrc-sazu.si Contact persons: Franci Gabrov\u0161ek (franci.gabrovsek@zrc-sazu.si), Vanessa E. Johnston (vanessa.johnston@zrc-sazu.si), Mitja Prelov\u0161ek (mitja.prelovsek@zrc-sazu.si) Organizing committee: Matej Blatnik, Jasmina \u010celigoj &#8230;<\/p>\n","protected":false},"author":3,"featured_media":0,"parent":0,"menu_order":0,"comment_status":"closed","ping_status":"closed","template":"","meta":{"footnotes":""},"class_list":["post-187","page","type-page","status-publish","hentry"],"_links":{"self":[{"href":"https:\/\/iks.zrc-sazu.si\/en\/wp-json\/wp\/v2\/pages\/187","targetHints":{"allow":["GET"]}}],"collection":[{"href":"https:\/\/iks.zrc-sazu.si\/en\/wp-json\/wp\/v2\/pages"}],"about":[{"href":"https:\/\/iks.zrc-sazu.si\/en\/wp-json\/wp\/v2\/types\/page"}],"author":[{"embeddable":true,"href":"https:\/\/iks.zrc-sazu.si\/en\/wp-json\/wp\/v2\/users\/3"}],"replies":[{"embeddable":true,"href":"https:\/\/iks.zrc-sazu.si\/en\/wp-json\/wp\/v2\/comments?post=187"}],"version-history":[{"count":17,"href":"https:\/\/iks.zrc-sazu.si\/en\/wp-json\/wp\/v2\/pages\/187\/revisions"}],"predecessor-version":[{"id":1506,"href":"https:\/\/iks.zrc-sazu.si\/en\/wp-json\/wp\/v2\/pages\/187\/revisions\/1506"}],"wp:attachment":[{"href":"https:\/\/iks.zrc-sazu.si\/en\/wp-json\/wp\/v2\/media?parent=187"}],"curies":[{"name":"wp","href":"https:\/\/api.w.org\/{rel}","templated":true}]}}